{"id":23521,"date":"2018-06-01T07:44:52","date_gmt":"2018-06-01T07:44:52","guid":{"rendered":"https:\/\/www.bendel.de\/?page_id=23521"},"modified":"2020-05-22T16:42:45","modified_gmt":"2020-05-22T16:42:45","slug":"privacy-policy","status":"publish","type":"page","link":"https:\/\/www.tornador.ro\/en\/privacy-policy\/","title":{"rendered":"Privacy policy"},"content":{"rendered":"<p>[et_pb_section fb_built=&#8221;1&#8243; _builder_version=&#8221;3.22&#8243;][et_pb_row _builder_version=&#8221;3.25&#8243;][et_pb_column type=&#8221;4_4&#8243; _builder_version=&#8221;3.25&#8243; custom_padding=&#8221;|||&#8221; custom_padding__hover=&#8221;|||&#8221;][et_pb_text _builder_version=&#8221;4.4.7&#8243; hover_enabled=&#8221;0&#8243;]<\/p>\n<p><strong>Politica de confidentialitate<\/strong><\/p>\n<p>Aceast\u0103 politic\u0103 de confiden\u021bialitate descrie modul \u00een care informa\u021biile dvs. personale sunt colectate, utilizate \u0219i distribuite atunci c\u00e2nd vizita\u021bi sau face\u021bi o achizi\u021bie de la .<\/p>\n<p><strong>INFORMA\u021aII PERSONALE PE CARE LE COLECTAM<\/strong><br \/>C\u00e2nd vizita\u021bi Site-ul, colect\u0103m automat anumite informa\u021bii despre dispozitivul dvs., inclusiv informa\u021bii despre browserul dvs. web, adresa IP, fusul orar \u0219i unele cookie-uri instalate pe dispozitiv. \u00cen plus, pe m\u0103sur\u0103 ce r\u0103sfoi\u021bi pagini din Site, colect\u0103m informa\u021bii despre paginile web individuale sau produsele pe care le vizualiza\u021bi, ce Site-uri web sau termeni de c\u0103utare v-au referit la Site-uri \u0219i informa\u021bii despre cum interac\u021biona\u021bi cu Site-ul. Ne referim la aceste informa\u021bii colectate automat ca Informa\u021bii despre dispozitiv.<\/p>\n<p>Colect\u0103m informa\u021biile despre dispozitiv folosind urm\u0103toarele tehnologii:<\/p>\n<p>Cookie-urile sunt fi\u0219iere de date care sunt plasate pe dispozitiv sau pe computer \u0219i con\u021bin adesea un identificator unic anonim. Pentru mai multe informa\u021bii despre cookie-uri \u0219i despre modul de dezactivare a cookie-urilor, vizita\u021bi http:\/\/www.allaboutcookies.org.<br \/>ac\u021biuni de urm\u0103rire a &#8220;fi\u0219ierelor de jurnal&#8221; care apar pe Site-uri \u0219i colectarea datelor, inclusiv adresa IP, tipul browserului, furnizorul de servicii Internet, paginile de trimitere \/ ie\u0219ire \u0219i inregistarile de dat\u0103 \/ or\u0103.<br \/>etichetele \u0219i pixelii sunt fi\u0219iere electronice utilizate pentru a \u00eenregistra informa\u021bii despre modul \u00een care naviga\u021bi pe Site-uri.<br \/>\u00cen plus, atunci c\u00e2nd efectua\u021bi o achizi\u021bie sau \u00eencerca\u021bi s\u0103 face\u021bi o achizi\u021bie prin intermediul Site-uri-ului, colect\u0103m anumite informa\u021bii de la dvs., inclusiv numele dvs., adresa de facturare, adresa de livrare, adresa de e-mail \u0219i num\u0103rul de telefon. Facem referire la aceste informa\u021bii ca Informa\u021bii despre comand\u0103.<\/p>\n<p>C\u00e2nd vorbim despre Informa\u021bii personale \u00een aceast\u0103 politic\u0103 de confiden\u021bialitate, vorbim at\u00e2t de informa\u021bii despre dispozitive, c\u00e2t \u0219i de informa\u021bii despre comand\u0103.<\/p>\n<p><strong>CUM UTILIZAM INFORMA\u021aIILE PERSONALE ?<\/strong><br \/>Utiliz\u0103m informa\u021biile despre comenzi pe care le colect\u0103m, \u00een general, pentru a \u00eendeplini comenzile plasate prin intermediul Site-ului (inclusiv procesarea informa\u021biilor dvs. de plat\u0103, organizarea transportului \u0219i furnizarea de facturi \u0219i \/ sau confirm\u0103ri de comenzi). \u00cen plus, folosim aceste Informa\u021bii de comand\u0103 pentru:<\/p>\n<p>Comunicarea cu dvs<br \/>\u00cen conformitate cu preferin\u021bele pe care le-a\u021bi \u00eemp\u0103rt\u0103\u0219it cu noi, v\u0103 vom oferi informa\u021bii sau publicitate referitoare la produsele sau serviciile noastre.<\/p>\n<p>Utiliz\u0103m informa\u021biile despre dispozitiv pe care le colect\u0103m pentru a ne ajuta s\u0103 monitoriz\u0103m poten\u021bialele riscuri (\u00een special adresa IP) \u0219i, \u00een general, s\u0103 \u00eembun\u0103t\u0103\u021bim \u0219i s\u0103 optimiz\u0103m Site-ul nostru (de exemplu, gener\u00e2nd analize despre modul \u00een care clien\u021bii no\u0219tri navigheaz\u0103 \u0219i interac\u021bioneaz\u0103 cu Site-ul \u0219i pentru a evalua succesul campaniilor noastre de marketing \u0219i publicitate).<\/p>\n<p><strong>\u00ceMPARTASIREA INFORMA\u021aIILOR PERSONALE &amp; RETEN\u021aIA DATELOR<\/strong><br \/>C\u00e2nd plasa\u021bi o comand\u0103 prin intermediul Site-ului, vom p\u0103stra informa\u021biile dvs. de comand\u0103, considerate Necesare, pentru \u00eenregistr\u0103rile noastre, cu excep\u021bia cazului \u00een care \u0219i p\u00e2n\u0103 c\u00e2nd ne cere\u021bi s\u0103 \u0219tergem aceste informa\u021bii.<\/p>\n<p>\u00cemp\u0103rt\u0103\u0219im informa\u021biile personale considerate Necesare cu ter\u021be p\u0103r\u021bi pentru a ne ajuta s\u0103 procesam si sa livram comenzile dvs, a\u0219a cum este descris mai sus.<\/p>\n<p>Lista procesatorilor de date cu caracter personal considerati Necesari de operatorul magazinului online https:\/\/www.distinctdetailing.ro\/\/index.php?page=gdpr pentru livrarea comenzilor primite de la dvs. Online:<\/p>\n<p>De exemplu, utiliz\u0103m Furnizorul de plaforma de ecommerce ContentSpeed pentru a ne furniza magazinul online &#8211; pute\u021bi citi mai multe despre modul \u00een care ContentSpeed utilizeaz\u0103 informa\u021biile dvs. personale aici: https:\/\/www.contentspeed.com\/legal\/privacy.<\/p>\n<p>De asemenea, folosim Google Analytics pentru a ne ajuta s\u0103 \u00een\u021belegem cum clien\u021bii no\u0219tri utilizeaz\u0103 Site-ul &#8211; pute\u021bi citi mai multe despre modul \u00een care Google utilizeaz\u0103 informa\u021biile dvs. personale aici: https:\/\/www.google.com\/intl\/ro\/policies\/privacy\/. De asemenea, pute\u021bi renun\u021ba la Google Analytics aici: https:\/\/tools.google.com\/dlpage\/gaoptout.<\/p>\n<p>\u00cen cele din urm\u0103, putem s\u0103 v\u0103 \u00eemp\u0103rt\u0103\u0219im \u0219i informa\u021biile dvs. personale pentru a respecta legile \u0219i reglement\u0103rile aplicabile, pentru a r\u0103spunde la o cita\u021bie, mandat de c\u0103utare sau alt\u0103 solicitare legal\u0103 pentru informa\u021biile pe care le primim sau pentru a ne proteja \u00een alt mod drepturile.<\/p>\n<p><strong>DO NOT TRACK<\/strong> Re\u021bine\u021bi c\u0103 nu modific\u0103m practicile de colectare a datelor \u0219i de utilizare a Site-uri-ului atunci c\u00e2nd vedem semnalul Nu urm\u0103ri\u021bi (DO NOT TRACK) din browserul dvs. In acest caz, se vor folosi doar informatiile Necesare pentru plasarea si procesarea unei comenzi, dar nu informatiile Statistice, Functionale sau de Marketing (profilare).<\/p>\n<p><strong>DREPTURILE TALE<\/strong><br \/>Dac\u0103 sunte\u021bi rezident european, ave\u021bi dreptul s\u0103 accesa\u021bi informa\u021biile personale pe care le de\u021binem despre dvs. \u0219i s\u0103 cere\u021bi corectarea, actualizarea sau \u0219tergerea informa\u021biilor dvs. personale. Dac\u0103 dori\u021bi s\u0103 exercita\u021bi acest drept, v\u0103 rug\u0103m s\u0103 ne contacta\u021bi prin intermediul sectiunii: https:\/\/www.distinctdetailing.ro\/\/index.php?page=gdpr<\/p>\n<p>\u00cen plus, dac\u0103 sunte\u021bi rezident european, re\u021bine\u021bi c\u0103 v\u0103 proces\u0103m informa\u021biile pentru a putea \u00eendeplini contractele pe care le-am putea avea cu dvs. (de exemplu, dac\u0103 face\u021bi o comand\u0103 prin intermediul Site-ului) sau pentru a v\u0103 urm\u0103ri interesele legitime de afaceri enumerate mai sus.<\/p>\n<p><strong>SCHIMB\u0102RI<\/strong><br \/>Putem actualiza din c\u00e2nd \u00een c\u00e2nd aceast\u0103 politic\u0103 de confiden\u021bialitate pentru a reflecta, de exemplu, modific\u0103rile aduse practicilor noastre sau din alte motive opera\u021bionale, legale sau de reglementare.<\/p>\n<p><strong>CONTACTEAZA-NE<\/strong><br \/>Pentru mai multe informa\u021bii despre practicile noastre de confiden\u021bialitate, dac\u0103 ave\u021bi \u00eentreb\u0103ri sau dac\u0103 dori\u021bi s\u0103 face\u021bi o pl\u00e2ngere, v\u0103 rug\u0103m s\u0103 ne contacta\u021bi prin e-mail la adresa sau prin posta la adresa Str. Poporului, 141, Constan\u021ba.<\/p>\n<p>[\/et_pb_text][\/et_pb_column][\/et_pb_row][\/et_pb_section]<\/p>\n","protected":false},"excerpt":{"rendered":"<p>Politica de confidentialitate Aceast\u0103 politic\u0103 de confiden\u021bialitate descrie modul \u00een care informa\u021biile dvs. personale sunt colectate, utilizate \u0219i distribuite atunci c\u00e2nd vizita\u021bi sau face\u021bi o achizi\u021bie de la . INFORMA\u021aII PERSONALE PE CARE LE COLECTAMC\u00e2nd vizita\u021bi Site-ul, colect\u0103m automat anumite informa\u021bii despre dispozitivul dvs., inclusiv informa\u021bii despre browserul dvs. web, adresa IP, fusul orar \u0219i [&hellip;]<\/p>\n","protected":false},"author":7,"featured_media":0,"parent":0,"menu_order":7,"comment_status":"closed","ping_status":"closed","template":"","meta":{"_et_pb_use_builder":"on","_et_pb_old_content":"","_et_gb_content_width":"","footnotes":""},"class_list":["post-23521","page","type-page","status-publish","hentry"],"_links":{"self":[{"href":"https:\/\/www.tornador.ro\/en\/wp-json\/wp\/v2\/pages\/23521","targetHints":{"allow":["GET"]}}],"collection":[{"href":"https:\/\/www.tornador.ro\/en\/wp-json\/wp\/v2\/pages"}],"about":[{"href":"https:\/\/www.tornador.ro\/en\/wp-json\/wp\/v2\/types\/page"}],"author":[{"embeddable":true,"href":"https:\/\/www.tornador.ro\/en\/wp-json\/wp\/v2\/users\/7"}],"replies":[{"embeddable":true,"href":"https:\/\/www.tornador.ro\/en\/wp-json\/wp\/v2\/comments?post=23521"}],"version-history":[{"count":5,"href":"https:\/\/www.tornador.ro\/en\/wp-json\/wp\/v2\/pages\/23521\/revisions"}],"predecessor-version":[{"id":28579,"href":"https:\/\/www.tornador.ro\/en\/wp-json\/wp\/v2\/pages\/23521\/revisions\/28579"}],"wp:attachment":[{"href":"https:\/\/www.tornador.ro\/en\/wp-json\/wp\/v2\/media?parent=23521"}],"curies":[{"name":"wp","href":"https:\/\/api.w.org\/{rel}","templated":true}]}}